{"id":1617,"date":"2024-09-09T19:20:25","date_gmt":"2024-09-09T19:20:25","guid":{"rendered":"https:\/\/cararem.ro\/produs\/ovum-oval-placemat\/"},"modified":"2025-05-23T13:01:02","modified_gmt":"2025-05-23T13:01:02","slug":"ovum-oval-placemat","status":"publish","type":"product","link":"https:\/\/cararem.ro\/en\/produs\/ovum-oval-placemat\/","title":{"rendered":"Ovum Oval placemat"},"content":{"rendered":"<p>Simple stitching<br \/>Double-sided<br \/>Ideal for round tables<br \/>Laser cutting available on request<br \/>Customizable with embroidery<br \/>Any color combination possible from the classic and vintage collections<br \/>No minimum order required<br \/>Easy to clean<\/p>\n<p><strong>Dimensions:<\/strong> 32 x 44 CM<\/p>\n","protected":false},"excerpt":{"rendered":"<p>Simple stitchingDouble-sidedIdeal for round tablesLaser cutting available on requestCustomizable with embroideryAny color combination possible from the classic and vintage collectionsNo<\/p>\n","protected":false},"featured_media":941,"comment_status":"open","ping_status":"closed","template":"","meta":[],"product_brand":[],"product_cat":[169],"product_tag":[],"class_list":{"0":"post-1617","1":"product","2":"type-product","3":"status-publish","4":"has-post-thumbnail","6":"product_cat-placemats","8":"first","9":"instock","10":"shipping-taxable","11":"purchasable","12":"product-type-variable"},"yoast_head":"<!-- This site is optimized with the Yoast SEO Premium plugin v25.1 (Yoast SEO v25.1) - https:\/\/yoast.com\/wordpress\/plugins\/seo\/ -->\n<title>Ovum Oval placemat - CARARE<\/title>\n<meta name=\"description\" content=\"Descoper\u0103 accesorii premium pentru industria HoReCa: placemats, naproane, co\u0219uri de p\u00e2ine, suporturi de tac\u00e2muri \u0219i \u0219or\u021buri din materiale durabile, elegante \u0219i u\u0219or de \u00eentre\u021binut. Calitate superioar\u0103 pentru hoteluri, restaurante \u0219i cafenele.\" \/>\n<meta name=\"robots\" content=\"index, follow, max-snippet:-1, max-image-preview:large, max-video-preview:-1\" \/>\n<link rel=\"canonical\" href=\"https:\/\/cararem.ro\/en\/produs\/ovum-oval-placemat\/\" \/>\n<meta property=\"og:locale\" content=\"en_US\" \/>\n<meta property=\"og:type\" content=\"article\" \/>\n<meta property=\"og:title\" content=\"Ovum Oval placemat\" \/>\n<meta property=\"og:description\" content=\"Descoper\u0103 accesorii premium pentru industria HoReCa: placemats, naproane, co\u0219uri de p\u00e2ine, suporturi de tac\u00e2muri \u0219i \u0219or\u021buri din materiale durabile, elegante \u0219i u\u0219or de \u00eentre\u021binut. Calitate superioar\u0103 pentru hoteluri, restaurante \u0219i cafenele.\" \/>\n<meta property=\"og:url\" content=\"https:\/\/cararem.ro\/en\/produs\/ovum-oval-placemat\/\" \/>\n<meta property=\"og:site_name\" content=\"CARARE\" \/>\n<meta property=\"article:publisher\" content=\"https:\/\/www.facebook.com\/SamnoveSRL?locale=ro_RO\" \/>\n<meta property=\"article:modified_time\" content=\"2025-05-23T13:01:02+00:00\" \/>\n<meta property=\"og:image\" content=\"https:\/\/cararem.ro\/wp-content\/uploads\/2024\/09\/Placemat-Ovum-Oval.jpg\" \/>\n\t<meta property=\"og:image:width\" content=\"1200\" \/>\n\t<meta property=\"og:image:height\" content=\"1200\" \/>\n\t<meta property=\"og:image:type\" content=\"image\/jpeg\" \/>\n<meta name=\"twitter:card\" content=\"summary_large_image\" \/>\n<meta name=\"twitter:label1\" content=\"Availability\" \/>\n\t<meta name=\"twitter:data1\" content=\"In stock\" \/>\n<script type=\"application\/ld+json\" class=\"yoast-schema-graph\">{\"@context\":\"https:\/\/schema.org\",\"@graph\":[{\"@type\":\"WebPage\",\"@id\":\"https:\/\/cararem.ro\/en\/produs\/ovum-oval-placemat\/\",\"url\":\"https:\/\/cararem.ro\/en\/produs\/ovum-oval-placemat\/\",\"name\":\"Ovum Oval placemat - CARARE\",\"isPartOf\":{\"@id\":\"https:\/\/cararem.ro\/#website\"},\"primaryImageOfPage\":{\"@id\":\"https:\/\/cararem.ro\/en\/produs\/ovum-oval-placemat\/#primaryimage\"},\"image\":{\"@id\":\"https:\/\/cararem.ro\/en\/produs\/ovum-oval-placemat\/#primaryimage\"},\"thumbnailUrl\":\"https:\/\/cararem.ro\/wp-content\/uploads\/2024\/09\/Placemat-Ovum-Oval.jpg\",\"datePublished\":\"2024-09-09T19:20:25+00:00\",\"dateModified\":\"2025-05-23T13:01:02+00:00\",\"description\":\"Descoper\u0103 accesorii premium pentru industria HoReCa: placemats, naproane, co\u0219uri de p\u00e2ine, suporturi de tac\u00e2muri \u0219i \u0219or\u021buri din materiale durabile, elegante \u0219i u\u0219or de \u00eentre\u021binut. Calitate superioar\u0103 pentru hoteluri, restaurante \u0219i cafenele.\",\"breadcrumb\":{\"@id\":\"https:\/\/cararem.ro\/en\/produs\/ovum-oval-placemat\/#breadcrumb\"},\"inLanguage\":\"en-US\",\"potentialAction\":[{\"@type\":\"ReadAction\",\"target\":[\"https:\/\/cararem.ro\/en\/produs\/ovum-oval-placemat\/\"]}]},{\"@type\":\"ImageObject\",\"inLanguage\":\"en-US\",\"@id\":\"https:\/\/cararem.ro\/en\/produs\/ovum-oval-placemat\/#primaryimage\",\"url\":\"https:\/\/cararem.ro\/wp-content\/uploads\/2024\/09\/Placemat-Ovum-Oval.jpg\",\"contentUrl\":\"https:\/\/cararem.ro\/wp-content\/uploads\/2024\/09\/Placemat-Ovum-Oval.jpg\",\"width\":1200,\"height\":1200},{\"@type\":\"BreadcrumbList\",\"@id\":\"https:\/\/cararem.ro\/en\/produs\/ovum-oval-placemat\/#breadcrumb\",\"itemListElement\":[{\"@type\":\"ListItem\",\"position\":1,\"name\":\"Home\",\"item\":\"https:\/\/cararem.ro\/en\/\"},{\"@type\":\"ListItem\",\"position\":2,\"name\":\"Shop\",\"item\":\"https:\/\/cararem.ro\/en\/shop\/\"},{\"@type\":\"ListItem\",\"position\":3,\"name\":\"Ovum Oval placemat\"}]},{\"@type\":\"WebSite\",\"@id\":\"https:\/\/cararem.ro\/#website\",\"url\":\"https:\/\/cararem.ro\/\",\"name\":\"CARARE\",\"description\":\"Croiala care d\u0103 valoare\",\"publisher\":{\"@id\":\"https:\/\/cararem.ro\/#organization\"},\"potentialAction\":[{\"@type\":\"SearchAction\",\"target\":{\"@type\":\"EntryPoint\",\"urlTemplate\":\"https:\/\/cararem.ro\/?s={search_term_string}\"},\"query-input\":{\"@type\":\"PropertyValueSpecification\",\"valueRequired\":true,\"valueName\":\"search_term_string\"}}],\"inLanguage\":\"en-US\"},{\"@type\":\"Organization\",\"@id\":\"https:\/\/cararem.ro\/#organization\",\"name\":\"SAMNOVE SRL\",\"alternateName\":\"CARARE\",\"url\":\"https:\/\/cararem.ro\/\",\"logo\":{\"@type\":\"ImageObject\",\"inLanguage\":\"en-US\",\"@id\":\"https:\/\/cararem.ro\/#\/schema\/logo\/image\/\",\"url\":\"https:\/\/cararem.ro\/wp-content\/uploads\/2025\/05\/logo-samnove-carare.webp\",\"contentUrl\":\"https:\/\/cararem.ro\/wp-content\/uploads\/2025\/05\/logo-samnove-carare.webp\",\"width\":400,\"height\":119,\"caption\":\"SAMNOVE SRL\"},\"image\":{\"@id\":\"https:\/\/cararem.ro\/#\/schema\/logo\/image\/\"},\"sameAs\":[\"https:\/\/www.facebook.com\/SamnoveSRL?locale=ro_RO\"],\"description\":\"Accesorii pentru industria HoReCa care \u00eembin\u0103 elegan\u021ba, durabilitatea \u0219i calitatea superioar\u0103, cum ar fi placemate-uri, naproane, co\u0219uri de p\u00e2ine, suporturi de tac\u00e2muri, suporturi de pahar, din piele ecologic\u0103, sau \u0219or\u021buri \u0219i halate pentru hoteluri \u0219i restaurante. Oferim servicii de croitorie, comanda sau serie, retusuri croitorie de orice tip \u0219i servicii de cur\u0103\u021b\u0103torie ecologic\u0103 de ultima genera\u021bie.\",\"email\":\"mihaela@cararem.ro\",\"telephone\":\"0755.244.755\",\"legalName\":\"SAMNOVE SRL\",\"foundingDate\":\"2013-01-14\",\"vatID\":\"32001802\",\"numberOfEmployees\":{\"@type\":\"QuantitativeValue\",\"minValue\":\"11\",\"maxValue\":\"50\"}}]}<\/script>\n<meta property=\"og:availability\" content=\"instock\" \/>\n<meta property=\"product:availability\" content=\"instock\" \/>\n<meta property=\"product:condition\" content=\"new\" \/>\n<!-- \/ Yoast SEO Premium plugin. -->","yoast_head_json":{"title":"Ovum Oval placemat - CARARE","description":"Descoper\u0103 accesorii premium pentru industria HoReCa: placemats, naproane, co\u0219uri de p\u00e2ine, suporturi de tac\u00e2muri \u0219i \u0219or\u021buri din materiale durabile, elegante \u0219i u\u0219or de \u00eentre\u021binut. Calitate superioar\u0103 pentru hoteluri, restaurante \u0219i cafenele.","robots":{"index":"index","follow":"follow","max-snippet":"max-snippet:-1","max-image-preview":"max-image-preview:large","max-video-preview":"max-video-preview:-1"},"canonical":"https:\/\/cararem.ro\/en\/produs\/ovum-oval-placemat\/","og_locale":"en_US","og_type":"article","og_title":"Ovum Oval placemat","og_description":"Descoper\u0103 accesorii premium pentru industria HoReCa: placemats, naproane, co\u0219uri de p\u00e2ine, suporturi de tac\u00e2muri \u0219i \u0219or\u021buri din materiale durabile, elegante \u0219i u\u0219or de \u00eentre\u021binut. Calitate superioar\u0103 pentru hoteluri, restaurante \u0219i cafenele.","og_url":"https:\/\/cararem.ro\/en\/produs\/ovum-oval-placemat\/","og_site_name":"CARARE","article_publisher":"https:\/\/www.facebook.com\/SamnoveSRL?locale=ro_RO","article_modified_time":"2025-05-23T13:01:02+00:00","og_image":[{"width":1200,"height":1200,"url":"https:\/\/cararem.ro\/wp-content\/uploads\/2024\/09\/Placemat-Ovum-Oval.jpg","type":"image\/jpeg"}],"twitter_card":"summary_large_image","twitter_misc":{"Availability":"In stock"},"schema":{"@context":"https:\/\/schema.org","@graph":[{"@type":"WebPage","@id":"https:\/\/cararem.ro\/en\/produs\/ovum-oval-placemat\/","url":"https:\/\/cararem.ro\/en\/produs\/ovum-oval-placemat\/","name":"Ovum Oval placemat - CARARE","isPartOf":{"@id":"https:\/\/cararem.ro\/#website"},"primaryImageOfPage":{"@id":"https:\/\/cararem.ro\/en\/produs\/ovum-oval-placemat\/#primaryimage"},"image":{"@id":"https:\/\/cararem.ro\/en\/produs\/ovum-oval-placemat\/#primaryimage"},"thumbnailUrl":"https:\/\/cararem.ro\/wp-content\/uploads\/2024\/09\/Placemat-Ovum-Oval.jpg","datePublished":"2024-09-09T19:20:25+00:00","dateModified":"2025-05-23T13:01:02+00:00","description":"Descoper\u0103 accesorii premium pentru industria HoReCa: placemats, naproane, co\u0219uri de p\u00e2ine, suporturi de tac\u00e2muri \u0219i \u0219or\u021buri din materiale durabile, elegante \u0219i u\u0219or de \u00eentre\u021binut. Calitate superioar\u0103 pentru hoteluri, restaurante \u0219i cafenele.","breadcrumb":{"@id":"https:\/\/cararem.ro\/en\/produs\/ovum-oval-placemat\/#breadcrumb"},"inLanguage":"en-US","potentialAction":[{"@type":"ReadAction","target":["https:\/\/cararem.ro\/en\/produs\/ovum-oval-placemat\/"]}]},{"@type":"ImageObject","inLanguage":"en-US","@id":"https:\/\/cararem.ro\/en\/produs\/ovum-oval-placemat\/#primaryimage","url":"https:\/\/cararem.ro\/wp-content\/uploads\/2024\/09\/Placemat-Ovum-Oval.jpg","contentUrl":"https:\/\/cararem.ro\/wp-content\/uploads\/2024\/09\/Placemat-Ovum-Oval.jpg","width":1200,"height":1200},{"@type":"BreadcrumbList","@id":"https:\/\/cararem.ro\/en\/produs\/ovum-oval-placemat\/#breadcrumb","itemListElement":[{"@type":"ListItem","position":1,"name":"Home","item":"https:\/\/cararem.ro\/en\/"},{"@type":"ListItem","position":2,"name":"Shop","item":"https:\/\/cararem.ro\/en\/shop\/"},{"@type":"ListItem","position":3,"name":"Ovum Oval placemat"}]},{"@type":"WebSite","@id":"https:\/\/cararem.ro\/#website","url":"https:\/\/cararem.ro\/","name":"CARARE","description":"Croiala care d\u0103 valoare","publisher":{"@id":"https:\/\/cararem.ro\/#organization"},"potentialAction":[{"@type":"SearchAction","target":{"@type":"EntryPoint","urlTemplate":"https:\/\/cararem.ro\/?s={search_term_string}"},"query-input":{"@type":"PropertyValueSpecification","valueRequired":true,"valueName":"search_term_string"}}],"inLanguage":"en-US"},{"@type":"Organization","@id":"https:\/\/cararem.ro\/#organization","name":"SAMNOVE SRL","alternateName":"CARARE","url":"https:\/\/cararem.ro\/","logo":{"@type":"ImageObject","inLanguage":"en-US","@id":"https:\/\/cararem.ro\/#\/schema\/logo\/image\/","url":"https:\/\/cararem.ro\/wp-content\/uploads\/2025\/05\/logo-samnove-carare.webp","contentUrl":"https:\/\/cararem.ro\/wp-content\/uploads\/2025\/05\/logo-samnove-carare.webp","width":400,"height":119,"caption":"SAMNOVE SRL"},"image":{"@id":"https:\/\/cararem.ro\/#\/schema\/logo\/image\/"},"sameAs":["https:\/\/www.facebook.com\/SamnoveSRL?locale=ro_RO"],"description":"Accesorii pentru industria HoReCa care \u00eembin\u0103 elegan\u021ba, durabilitatea \u0219i calitatea superioar\u0103, cum ar fi placemate-uri, naproane, co\u0219uri de p\u00e2ine, suporturi de tac\u00e2muri, suporturi de pahar, din piele ecologic\u0103, sau \u0219or\u021buri \u0219i halate pentru hoteluri \u0219i restaurante. Oferim servicii de croitorie, comanda sau serie, retusuri croitorie de orice tip \u0219i servicii de cur\u0103\u021b\u0103torie ecologic\u0103 de ultima genera\u021bie.","email":"mihaela@cararem.ro","telephone":"0755.244.755","legalName":"SAMNOVE SRL","foundingDate":"2013-01-14","vatID":"32001802","numberOfEmployees":{"@type":"QuantitativeValue","minValue":"11","maxValue":"50"}}]},"og_availability":"instock","product_availability":"instock","product_condition":"new"},"_links":{"self":[{"href":"https:\/\/cararem.ro\/en\/wp-json\/wp\/v2\/product\/1617","targetHints":{"allow":["GET"]}}],"collection":[{"href":"https:\/\/cararem.ro\/en\/wp-json\/wp\/v2\/product"}],"about":[{"href":"https:\/\/cararem.ro\/en\/wp-json\/wp\/v2\/types\/product"}],"replies":[{"embeddable":true,"href":"https:\/\/cararem.ro\/en\/wp-json\/wp\/v2\/comments?post=1617"}],"wp:featuredmedia":[{"embeddable":true,"href":"https:\/\/cararem.ro\/en\/wp-json\/wp\/v2\/media\/941"}],"wp:attachment":[{"href":"https:\/\/cararem.ro\/en\/wp-json\/wp\/v2\/media?parent=1617"}],"wp:term":[{"taxonomy":"product_brand","embeddable":true,"href":"https:\/\/cararem.ro\/en\/wp-json\/wp\/v2\/product_brand?post=1617"},{"taxonomy":"product_cat","embeddable":true,"href":"https:\/\/cararem.ro\/en\/wp-json\/wp\/v2\/product_cat?post=1617"},{"taxonomy":"product_tag","embeddable":true,"href":"https:\/\/cararem.ro\/en\/wp-json\/wp\/v2\/product_tag?post=1617"}],"curies":[{"name":"wp","href":"https:\/\/api.w.org\/{rel}","templated":true}]}}