{"id":1575,"date":"2023-06-06T11:00:13","date_gmt":"2023-06-06T11:00:13","guid":{"rendered":"https:\/\/cararem.ro\/about-us\/"},"modified":"2024-10-13T08:16:54","modified_gmt":"2024-10-13T08:16:54","slug":"about-us","status":"publish","type":"page","link":"https:\/\/cararem.ro\/en\/about-us\/","title":{"rendered":"About us"},"content":{"rendered":"<div class=\"wpb-content-wrapper\"><p>[vc_row content_placement=&#8221;middle&#8221; woodmart_css_id=&#8221;66fae7b278a5a&#8221; responsive_spacing=&#8221;eyJwYXJhbV90eXBlIjoid29vZG1hcnRfcmVzcG9uc2l2ZV9zcGFjaW5nIiwic2VsZWN0b3JfaWQiOiI2NmZhZTdiMjc4YTVhIiwic2hvcnRjb2RlIjoidmNfcm93IiwiZGF0YSI6eyJ0YWJsZXQiOnsibWFyZ2luLWJvdHRvbSI6IjYwcHgifSwibW9iaWxlIjp7Im1hcmdpbi1ib3R0b20iOiI0MHB4In19fQ==&#8221; mobile_bg_img_hidden=&#8221;no&#8221; tablet_bg_img_hidden=&#8221;no&#8221; woodmart_parallax=&#8221;0&#8243; woodmart_gradient_switch=&#8221;no&#8221; woodmart_box_shadow=&#8221;no&#8221; wd_z_index=&#8221;no&#8221; woodmart_disable_overflow=&#8221;0&#8243; row_reverse_mobile=&#8221;1&#8243; row_reverse_tablet=&#8221;1&#8243;][vc_column woodmart_css_id=&#8221;6437f9c6ef9c8&#8243; parallax_scroll=&#8221;no&#8221; woodmart_sticky_column=&#8221;false&#8221; wd_collapsible_content_switcher=&#8221;no&#8221; wd_column_role_offcanvas_desktop=&#8221;no&#8221; wd_column_role_offcanvas_tablet=&#8221;no&#8221; wd_column_role_offcanvas_mobile=&#8221;no&#8221; wd_column_role_content_desktop=&#8221;no&#8221; wd_column_role_content_tablet=&#8221;no&#8221; wd_column_role_content_mobile=&#8221;no&#8221; mobile_bg_img_hidden=&#8221;no&#8221; tablet_bg_img_hidden=&#8221;no&#8221; woodmart_parallax=&#8221;0&#8243; woodmart_box_shadow=&#8221;no&#8221; responsive_spacing=&#8221;eyJwYXJhbV90eXBlIjoid29vZG1hcnRfcmVzcG9uc2l2ZV9zcGFjaW5nIiwic2VsZWN0b3JfaWQiOiI2NDM3ZjljNmVmOWM4Iiwic2hvcnRjb2RlIjoidmNfY29sdW1uIiwiZGF0YSI6eyJ0YWJsZXQiOnt9LCJtb2JpbGUiOnt9fX0=&#8221; mobile_reset_margin=&#8221;no&#8221; tablet_reset_margin=&#8221;no&#8221; wd_z_index=&#8221;no&#8221; offset=&#8221;vc_col-lg-8 vc_col-md-6&#8243;]\t\t<div id=\"gallery_578\" class=\"wd-images-gallery wd-wpb wd-rs-66fae8c101430 vc_custom_1727719673022 photoswipe-images\" style=\"--wd-justify-content:center;--wd-align-items:center;\">\n\t\t\t\n\t\t\t<div class=\" wd-grid-g\" style=\"--wd-col-lg:2;--wd-col-md:2;--wd-col-sm:2;--wd-gap-lg:20px;--wd-gap-sm:10px;\">\n\t\t\t\t\n\t\t\t\t\t\t\t\t\t\t\t\t\t\t\t<div class=\"wd-gallery-item wd-col\">\n\t\t\t\t\t\t\t\t\t\t\t\t\t\t<a href=\"https:\/\/cararem.ro\/wp-content\/uploads\/2024\/09\/despre_0002_A7405971.jpg\" data-elementor-open-lightbox=\"no\" data-index=\"1\" data-width=\"1000\" data-height=\"1000\" \n\t\t\t\t\t\t\t\t\t\t\t\t >\n\t\t\t\t\t\t\t\t\n\t\t\t\t\t\t\t\t<img loading=\"lazy\" decoding=\"async\" width=\"1000\" height=\"1000\" src=\"https:\/\/cararem.ro\/wp-content\/uploads\/2024\/09\/despre_0002_A7405971.jpg\" class=\"wd-gallery-image image-1\" alt=\"\" srcset=\"https:\/\/cararem.ro\/wp-content\/uploads\/2024\/09\/despre_0002_A7405971.jpg 1000w, https:\/\/cararem.ro\/wp-content\/uploads\/2024\/09\/despre_0002_A7405971-600x600.jpg 600w, https:\/\/cararem.ro\/wp-content\/uploads\/2024\/09\/despre_0002_A7405971-300x300.jpg 300w, https:\/\/cararem.ro\/wp-content\/uploads\/2024\/09\/despre_0002_A7405971-150x150.jpg 150w, https:\/\/cararem.ro\/wp-content\/uploads\/2024\/09\/despre_0002_A7405971-768x768.jpg 768w\" sizes=\"auto, (max-width: 1000px) 100vw, 1000px\" \/>\n\t\t\t\t\t\t\t\t\t\t\t\t\t\t\t<\/a>\n\t\t\t\t\t\t\t\t\t\t\t\t<\/div>\n\t\t\t\t\t\t\t\t\t\t\t<div class=\"wd-gallery-item wd-col\">\n\t\t\t\t\t\t\t\t\t\t\t\t\t\t<a href=\"https:\/\/cararem.ro\/wp-content\/uploads\/2024\/09\/despre_0004_A7406291.jpg\" data-elementor-open-lightbox=\"no\" data-index=\"2\" data-width=\"1000\" data-height=\"1000\" \n\t\t\t\t\t\t\t\t\t\t\t\t >\n\t\t\t\t\t\t\t\t\n\t\t\t\t\t\t\t\t<img loading=\"lazy\" decoding=\"async\" width=\"1000\" height=\"1000\" src=\"https:\/\/cararem.ro\/wp-content\/uploads\/2024\/09\/despre_0004_A7406291.jpg\" class=\"wd-gallery-image image-2\" alt=\"\" srcset=\"https:\/\/cararem.ro\/wp-content\/uploads\/2024\/09\/despre_0004_A7406291.jpg 1000w, https:\/\/cararem.ro\/wp-content\/uploads\/2024\/09\/despre_0004_A7406291-600x600.jpg 600w, https:\/\/cararem.ro\/wp-content\/uploads\/2024\/09\/despre_0004_A7406291-300x300.jpg 300w, https:\/\/cararem.ro\/wp-content\/uploads\/2024\/09\/despre_0004_A7406291-150x150.jpg 150w, https:\/\/cararem.ro\/wp-content\/uploads\/2024\/09\/despre_0004_A7406291-768x768.jpg 768w\" sizes=\"auto, (max-width: 1000px) 100vw, 1000px\" \/>\n\t\t\t\t\t\t\t\t\t\t\t\t\t\t\t<\/a>\n\t\t\t\t\t\t\t\t\t\t\t\t<\/div>\n\t\t\t\t\t\t\t\t\t\n\t\t\t\t\t\t\t<\/div>\n\n\t\t\t\t\t<\/div>\n\t\t[\/vc_column][vc_column woodmart_css_id=&#8221;6437f9cfc23d6&#8243; parallax_scroll=&#8221;no&#8221; woodmart_sticky_column=&#8221;false&#8221; wd_collapsible_content_switcher=&#8221;no&#8221; wd_column_role_offcanvas_desktop=&#8221;no&#8221; wd_column_role_offcanvas_tablet=&#8221;no&#8221; wd_column_role_offcanvas_mobile=&#8221;no&#8221; wd_column_role_content_desktop=&#8221;no&#8221; wd_column_role_content_tablet=&#8221;no&#8221; wd_column_role_content_mobile=&#8221;no&#8221; mobile_bg_img_hidden=&#8221;no&#8221; tablet_bg_img_hidden=&#8221;no&#8221; woodmart_parallax=&#8221;0&#8243; woodmart_box_shadow=&#8221;no&#8221; responsive_spacing=&#8221;eyJwYXJhbV90eXBlIjoid29vZG1hcnRfcmVzcG9uc2l2ZV9zcGFjaW5nIiwic2VsZWN0b3JfaWQiOiI2NDM3ZjljZmMyM2Q2Iiwic2hvcnRjb2RlIjoidmNfY29sdW1uIiwiZGF0YSI6eyJ0YWJsZXQiOnt9LCJtb2JpbGUiOnt9fX0=&#8221; mobile_reset_margin=&#8221;no&#8221; tablet_reset_margin=&#8221;no&#8221; wd_z_index=&#8221;no&#8221; offset=&#8221;vc_col-lg-4 vc_col-md-6&#8243;]\n\t\t<div id=\"wd-66fae7041c1b2\" class=\"title-wrapper wd-wpb set-mb-s reset-last-child  wd-rs-66fae7041c1b2 wd-title-color-default wd-title-style-default text-left vc_custom_1727719182867 wd-underline-colored\">\n\t\t\t\n\t\t\t<div class=\"liner-continer\">\n\t\t\t\t<h4 class=\"woodmart-title-container title  wd-font-weight- wd-fontsize-xxl\" >A few words about us<\/h4>\n\t\t\t\t\t\t\t<\/div>\n\t\t\t\n\t\t\t\n\t\t\t\n\t\t<\/div>\n\t\t\n\t\t\t\t<div id=\"wd-66fae6f394b2e\" class=\"wd-text-block wd-wpb reset-last-child wd-rs-66fae6f394b2e text-left vc_custom_1727719162506\">\n\t\t\t<div>Welcome to Excellens CARARE &#8211; Your guide to exceptional products for the HoReCa industry! At Excellens CARARE, we have curated a collection of outstanding products to enhance the experience in the HoReCa sector. We understand the importance of quality, functionality, and style, and our catalog reflects this. As a top destination for discerning customers, we aim to bring you the best products available on the market.   <\/div>\n\t\t<\/div>\n\t\t[\/vc_column][\/vc_row][vc_row][vc_column]\t\t<div id=\"wd-66fae78c496b5\" class=\"wd-text-block wd-wpb reset-last-child wd-rs-66fae78c496b5 text-left wd-fontsize-xs \">\n\t\t\t<h2>Over 10 years of experience.<\/h2>\n<div>With over 10 years of experience in the industry, we have built strong relationships with the most reliable and innovative brands. This allows us to personally select each product to ensure their excellence. Whether you are looking for the latest accessories for the HoReCa industry, such as placemats, napkins, bread baskets, cutlery holders, cup holders made from eco-friendly leather, or aprons and coats for hotel and restaurant staff, we have carefully chosen products that combine elegance, durability, and superior quality. All our products are crafted in our own workshop, where over 15 experienced employees work. Every product can be customized with personalized embroidery featuring your logo, a process also carried out in our workshop with new, state-of-the-art equipment and qualified personnel. As proof of the quality of our products, we have obtained ISO 9001:2015 certification this year for the development of the HoReCa clothing line and for items that ensure a refined table setting, as well as ISO 9001:2015 certification for our Quality Management System.     <\/div>\n\t\t<\/div>\n\t\t\t\t<div id=\"gallery_626\" class=\"wd-images-gallery wd-wpb wd-rs-66fae8fde74ef vc_custom_1727719695701 photoswipe-images\" style=\"--wd-justify-content:center;--wd-align-items:center;\">\n\t\t\t\n\t\t\t<div class=\" wd-grid-g\" style=\"--wd-col-lg:4;--wd-col-md:2;--wd-col-sm:2;--wd-gap-lg:20px;--wd-gap-sm:10px;\">\n\t\t\t\t\n\t\t\t\t\t\t\t\t\t\t\t\t\t\t\t<div class=\"wd-gallery-item wd-col\">\n\t\t\t\t\t\t\t\t\t\t\t\t\t\t<a href=\"https:\/\/cararem.ro\/wp-content\/uploads\/2024\/09\/despre_0005_A7405827.jpg\" data-elementor-open-lightbox=\"no\" data-index=\"1\" data-width=\"1000\" data-height=\"1000\" \n\t\t\t\t\t\t\t\t\t\t\t\t >\n\t\t\t\t\t\t\t\t\n\t\t\t\t\t\t\t\t<img loading=\"lazy\" decoding=\"async\" width=\"1000\" height=\"1000\" src=\"https:\/\/cararem.ro\/wp-content\/uploads\/2024\/09\/despre_0005_A7405827.jpg\" class=\"wd-gallery-image image-1\" alt=\"\" srcset=\"https:\/\/cararem.ro\/wp-content\/uploads\/2024\/09\/despre_0005_A7405827.jpg 1000w, https:\/\/cararem.ro\/wp-content\/uploads\/2024\/09\/despre_0005_A7405827-600x600.jpg 600w, https:\/\/cararem.ro\/wp-content\/uploads\/2024\/09\/despre_0005_A7405827-300x300.jpg 300w, https:\/\/cararem.ro\/wp-content\/uploads\/2024\/09\/despre_0005_A7405827-150x150.jpg 150w, https:\/\/cararem.ro\/wp-content\/uploads\/2024\/09\/despre_0005_A7405827-768x768.jpg 768w\" sizes=\"auto, (max-width: 1000px) 100vw, 1000px\" \/>\n\t\t\t\t\t\t\t\t\t\t\t\t\t\t\t<\/a>\n\t\t\t\t\t\t\t\t\t\t\t\t<\/div>\n\t\t\t\t\t\t\t\t\t\t\t<div class=\"wd-gallery-item wd-col\">\n\t\t\t\t\t\t\t\t\t\t\t\t\t\t<a href=\"https:\/\/cararem.ro\/wp-content\/uploads\/2024\/09\/despre_0003_A7405888.jpg\" data-elementor-open-lightbox=\"no\" data-index=\"2\" data-width=\"1000\" data-height=\"1000\" \n\t\t\t\t\t\t\t\t\t\t\t\t >\n\t\t\t\t\t\t\t\t\n\t\t\t\t\t\t\t\t<img loading=\"lazy\" decoding=\"async\" width=\"1000\" height=\"1000\" src=\"https:\/\/cararem.ro\/wp-content\/uploads\/2024\/09\/despre_0003_A7405888.jpg\" class=\"wd-gallery-image image-2\" alt=\"\" srcset=\"https:\/\/cararem.ro\/wp-content\/uploads\/2024\/09\/despre_0003_A7405888.jpg 1000w, https:\/\/cararem.ro\/wp-content\/uploads\/2024\/09\/despre_0003_A7405888-600x600.jpg 600w, https:\/\/cararem.ro\/wp-content\/uploads\/2024\/09\/despre_0003_A7405888-300x300.jpg 300w, https:\/\/cararem.ro\/wp-content\/uploads\/2024\/09\/despre_0003_A7405888-150x150.jpg 150w, https:\/\/cararem.ro\/wp-content\/uploads\/2024\/09\/despre_0003_A7405888-768x768.jpg 768w\" sizes=\"auto, (max-width: 1000px) 100vw, 1000px\" \/>\n\t\t\t\t\t\t\t\t\t\t\t\t\t\t\t<\/a>\n\t\t\t\t\t\t\t\t\t\t\t\t<\/div>\n\t\t\t\t\t\t\t\t\t\t\t<div class=\"wd-gallery-item wd-col\">\n\t\t\t\t\t\t\t\t\t\t\t\t\t\t<a href=\"https:\/\/cararem.ro\/wp-content\/uploads\/2024\/09\/despre_0001_A7405936.jpg\" data-elementor-open-lightbox=\"no\" data-index=\"3\" data-width=\"1000\" data-height=\"1000\" \n\t\t\t\t\t\t\t\t\t\t\t\t >\n\t\t\t\t\t\t\t\t\n\t\t\t\t\t\t\t\t<img loading=\"lazy\" decoding=\"async\" width=\"1000\" height=\"1000\" src=\"https:\/\/cararem.ro\/wp-content\/uploads\/2024\/09\/despre_0001_A7405936.jpg\" class=\"wd-gallery-image image-3\" alt=\"\" srcset=\"https:\/\/cararem.ro\/wp-content\/uploads\/2024\/09\/despre_0001_A7405936.jpg 1000w, https:\/\/cararem.ro\/wp-content\/uploads\/2024\/09\/despre_0001_A7405936-600x600.jpg 600w, https:\/\/cararem.ro\/wp-content\/uploads\/2024\/09\/despre_0001_A7405936-300x300.jpg 300w, https:\/\/cararem.ro\/wp-content\/uploads\/2024\/09\/despre_0001_A7405936-150x150.jpg 150w, https:\/\/cararem.ro\/wp-content\/uploads\/2024\/09\/despre_0001_A7405936-768x768.jpg 768w\" sizes=\"auto, (max-width: 1000px) 100vw, 1000px\" \/>\n\t\t\t\t\t\t\t\t\t\t\t\t\t\t\t<\/a>\n\t\t\t\t\t\t\t\t\t\t\t\t<\/div>\n\t\t\t\t\t\t\t\t\t\t\t<div class=\"wd-gallery-item wd-col\">\n\t\t\t\t\t\t\t\t\t\t\t\t\t\t<a href=\"https:\/\/cararem.ro\/wp-content\/uploads\/2024\/09\/despre_0000_A7406226.jpg\" data-elementor-open-lightbox=\"no\" data-index=\"4\" data-width=\"1000\" data-height=\"1000\" \n\t\t\t\t\t\t\t\t\t\t\t\t >\n\t\t\t\t\t\t\t\t\n\t\t\t\t\t\t\t\t<img loading=\"lazy\" decoding=\"async\" width=\"1000\" height=\"1000\" src=\"https:\/\/cararem.ro\/wp-content\/uploads\/2024\/09\/despre_0000_A7406226.jpg\" class=\"wd-gallery-image image-4\" alt=\"\" srcset=\"https:\/\/cararem.ro\/wp-content\/uploads\/2024\/09\/despre_0000_A7406226.jpg 1000w, https:\/\/cararem.ro\/wp-content\/uploads\/2024\/09\/despre_0000_A7406226-600x600.jpg 600w, https:\/\/cararem.ro\/wp-content\/uploads\/2024\/09\/despre_0000_A7406226-300x300.jpg 300w, https:\/\/cararem.ro\/wp-content\/uploads\/2024\/09\/despre_0000_A7406226-150x150.jpg 150w, https:\/\/cararem.ro\/wp-content\/uploads\/2024\/09\/despre_0000_A7406226-768x768.jpg 768w\" sizes=\"auto, (max-width: 1000px) 100vw, 1000px\" \/>\n\t\t\t\t\t\t\t\t\t\t\t\t\t\t\t<\/a>\n\t\t\t\t\t\t\t\t\t\t\t\t<\/div>\n\t\t\t\t\t\t\t\t\t\n\t\t\t\t\t\t\t<\/div>\n\n\t\t\t\t\t<\/div>\n\t\t\t\t<div id=\"wd-66fae79da036f\" class=\"wd-text-block wd-wpb reset-last-child wd-rs-66fae79da036f text-left wd-fontsize-xs \">\n\t\t\t<h2>Our commitment<\/h2>\n<div>Our commitment to providing an exceptional shopping experience goes beyond just offering high-quality products. We believe in delivering unparalleled customer service. Our well-trained team is dedicated to assisting you throughout the process, ensuring that you find exactly what you need. From answering your questions to providing personalized recommendations, we strive to make your journey with us effortless and enjoyable. <br \/>Navigating through our product catalog is a delightful experience in itself. Our catalog showcases a wide range of captivating products, each accompanied by detailed descriptions, high-resolution images, and helpful specifications. Whether you are a technology enthusiast, a fashion trendsetter, or a business owner looking for an elegant touch, our catalog offers something that will inspire your imagination.      <\/div>\n\t\t<\/div>\n\t\t\t\t<div id=\"wd-66fae7a7e8971\" class=\"wd-text-block wd-wpb reset-last-child wd-rs-66fae7a7e8971 text-left wd-fontsize-xs \">\n\t\t\t<h2>Your time is valuable. <\/h2>\n<div>At Excellens CARARE, we understand that your time is valuable. That&#8217;s why we have created an easy-to-use platform that allows you to quickly find what you&#8217;re looking for. Our intuitive search filters, categorized sections, and personalized recommendations ensure that you effortlessly discover products tailored to your preferences. <br \/>We take pride in our strong commitment to sustainable practices. We actively seek brands and eco-friendly products that minimize environmental impact. By choosing us, you not only acquire exceptional products but also contribute to a greener future.      <\/div>\n<div><\/div>\n<div>Explore our catalog and let us be your trusted guide in finding the perfect products that align with your aspirations. We invite you to embark on a journey of discovery and elegance. Join us today and elevate your lifestyle. Welcome to the Excellens CARARE family!    <\/div>\n\t\t<\/div>\n\t\t[\/vc_column][\/vc_row][vc_row woodmart_stretch_content=&#8221;section-stretch-content&#8221; woodmart_css_id=&#8221;66fc01dec8297&#8243; responsive_spacing=&#8221;eyJwYXJhbV90eXBlIjoid29vZG1hcnRfcmVzcG9uc2l2ZV9zcGFjaW5nIiwic2VsZWN0b3JfaWQiOiI2NmZjMDFkZWM4Mjk3Iiwic2hvcnRjb2RlIjoidmNfcm93IiwiZGF0YSI6eyJ0YWJsZXQiOnt9LCJtb2JpbGUiOnt9fX0=&#8221; mobile_bg_img_hidden=&#8221;no&#8221; tablet_bg_img_hidden=&#8221;no&#8221; woodmart_parallax=&#8221;0&#8243; woodmart_gradient_switch=&#8221;no&#8221; woodmart_box_shadow=&#8221;no&#8221; wd_z_index=&#8221;no&#8221; woodmart_disable_overflow=&#8221;0&#8243; row_reverse_mobile=&#8221;0&#8243; row_reverse_tablet=&#8221;0&#8243;][vc_column]\t\t<div id=\"wd-66fbfe70dd145\" class=\"wd-text-block wd-wpb reset-last-child wd-rs-66fbfe70dd145 text-left \">\n\t\t\t<p>[vc_row][vc_column][vc_raw_html css=\"\"]PGlmcmFtZSBhbGxvd2Z1bGxzY3JlZW49ImFsbG93ZnVsbHNjcmVlbiIgc2Nyb2xsaW5nPSJubyIgY2xhc3M9ImZwLWlmcmFtZSIgc3R5bGU9ImJvcmRlcjogMHB4OyB3aWR0aDogMTAwJTsgaGVpZ2h0OiA3NTBweDsiIHNyYz0iaHR0cHM6Ly9oZXl6aW5lLmNvbS9mbGlwLWJvb2svOTVmZjYzMzYyYy5odG1sIj48L2lmcmFtZT4=[\/vc_raw_html][\/vc_column][\/vc_row]<\/p>\r\n\n\t\t<\/div>\n\t\t[\/vc_column][\/vc_row]<\/p>\n<\/div>","protected":false},"excerpt":{"rendered":"<p>[vc_row content_placement=&#8221;middle&#8221; woodmart_css_id=&#8221;66fae7b278a5a&#8221; responsive_spacing=&#8221;eyJwYXJhbV90eXBlIjoid29vZG1hcnRfcmVzcG9uc2l2ZV9zcGFjaW5nIiwic2VsZWN0b3JfaWQiOiI2NmZhZTdiMjc4YTVhIiwic2hvcnRjb2RlIjoidmNfcm93IiwiZGF0YSI6eyJ0YWJsZXQiOnsibWFyZ2luLWJvdHRvbSI6IjYwcHgifSwibW9iaWxlIjp7Im1hcmdpbi1ib3R0b20iOiI0MHB4In19fQ==&#8221; mobile_bg_img_hidden=&#8221;no&#8221; tablet_bg_img_hidden=&#8221;no&#8221; woodmart_parallax=&#8221;0&#8243; woodmart_gradient_switch=&#8221;no&#8221; woodmart_box_shadow=&#8221;no&#8221; wd_z_index=&#8221;no&#8221; woodmart_disable_overflow=&#8221;0&#8243; row_reverse_mobile=&#8221;1&#8243; row_reverse_tablet=&#8221;1&#8243;][vc_column woodmart_css_id=&#8221;6437f9c6ef9c8&#8243; parallax_scroll=&#8221;no&#8221; woodmart_sticky_column=&#8221;false&#8221; wd_collapsible_content_switcher=&#8221;no&#8221; wd_column_role_offcanvas_desktop=&#8221;no&#8221; wd_column_role_offcanvas_tablet=&#8221;no&#8221; wd_column_role_offcanvas_mobile=&#8221;no&#8221;<\/p>\n","protected":false},"author":1,"featured_media":0,"parent":0,"menu_order":0,"comment_status":"closed","ping_status":"closed","template":"","meta":{"footnotes":""},"class_list":["post-1575","page","type-page","status-publish","hentry"],"yoast_head":"<!-- This site is optimized with the Yoast SEO Premium plugin v25.1 (Yoast SEO v25.1) - https:\/\/yoast.com\/wordpress\/plugins\/seo\/ -->\n<title>About us - CARARE<\/title>\n<meta name=\"description\" content=\"Descoper\u0103 accesorii premium pentru industria HoReCa: placemats, naproane, co\u0219uri de p\u00e2ine, suporturi de tac\u00e2muri \u0219i \u0219or\u021buri din materiale durabile, elegante \u0219i u\u0219or de \u00eentre\u021binut. Calitate superioar\u0103 pentru hoteluri, restaurante \u0219i cafenele.\" \/>\n<meta name=\"robots\" content=\"index, follow, max-snippet:-1, max-image-preview:large, max-video-preview:-1\" \/>\n<link rel=\"canonical\" href=\"https:\/\/cararem.ro\/despre-noi\/\" \/>\n<meta property=\"og:locale\" content=\"en_US\" \/>\n<meta property=\"og:type\" content=\"article\" \/>\n<meta property=\"og:title\" content=\"About us\" \/>\n<meta property=\"og:description\" content=\"Descoper\u0103 accesorii premium pentru industria HoReCa: placemats, naproane, co\u0219uri de p\u00e2ine, suporturi de tac\u00e2muri \u0219i \u0219or\u021buri din materiale durabile, elegante \u0219i u\u0219or de \u00eentre\u021binut. Calitate superioar\u0103 pentru hoteluri, restaurante \u0219i cafenele.\" \/>\n<meta property=\"og:url\" content=\"https:\/\/cararem.ro\/despre-noi\/\" \/>\n<meta property=\"og:site_name\" content=\"CARARE\" \/>\n<meta property=\"article:publisher\" content=\"https:\/\/www.facebook.com\/SamnoveSRL?locale=ro_RO\" \/>\n<meta property=\"article:modified_time\" content=\"2024-10-13T08:16:54+00:00\" \/>\n<meta property=\"og:image\" content=\"https:\/\/cararem.ro\/wp-content\/uploads\/2024\/08\/cosuri-de-paine-galerie.webp\" \/>\n\t<meta property=\"og:image:width\" content=\"460\" \/>\n\t<meta property=\"og:image:height\" content=\"454\" \/>\n\t<meta property=\"og:image:type\" content=\"image\/webp\" \/>\n<meta name=\"twitter:card\" content=\"summary_large_image\" \/>\n<meta name=\"twitter:label1\" content=\"Est. reading time\" \/>\n\t<meta name=\"twitter:data1\" content=\"7 minutes\" \/>\n<script type=\"application\/ld+json\" class=\"yoast-schema-graph\">{\"@context\":\"https:\/\/schema.org\",\"@graph\":[{\"@type\":\"WebPage\",\"@id\":\"https:\/\/cararem.ro\/despre-noi\/\",\"url\":\"https:\/\/cararem.ro\/despre-noi\/\",\"name\":\"About us - CARARE\",\"isPartOf\":{\"@id\":\"https:\/\/cararem.ro\/#website\"},\"datePublished\":\"2023-06-06T11:00:13+00:00\",\"dateModified\":\"2024-10-13T08:16:54+00:00\",\"description\":\"Descoper\u0103 accesorii premium pentru industria HoReCa: placemats, naproane, co\u0219uri de p\u00e2ine, suporturi de tac\u00e2muri \u0219i \u0219or\u021buri din materiale durabile, elegante \u0219i u\u0219or de \u00eentre\u021binut. Calitate superioar\u0103 pentru hoteluri, restaurante \u0219i cafenele.\",\"breadcrumb\":{\"@id\":\"https:\/\/cararem.ro\/despre-noi\/#breadcrumb\"},\"inLanguage\":\"en-US\",\"potentialAction\":[{\"@type\":\"ReadAction\",\"target\":[\"https:\/\/cararem.ro\/despre-noi\/\"]}]},{\"@type\":\"BreadcrumbList\",\"@id\":\"https:\/\/cararem.ro\/despre-noi\/#breadcrumb\",\"itemListElement\":[{\"@type\":\"ListItem\",\"position\":1,\"name\":\"Home\",\"item\":\"https:\/\/cararem.ro\/en\/\"},{\"@type\":\"ListItem\",\"position\":2,\"name\":\"About us\"}]},{\"@type\":\"WebSite\",\"@id\":\"https:\/\/cararem.ro\/#website\",\"url\":\"https:\/\/cararem.ro\/\",\"name\":\"CARARE\",\"description\":\"Croiala care d\u0103 valoare\",\"publisher\":{\"@id\":\"https:\/\/cararem.ro\/#organization\"},\"potentialAction\":[{\"@type\":\"SearchAction\",\"target\":{\"@type\":\"EntryPoint\",\"urlTemplate\":\"https:\/\/cararem.ro\/?s={search_term_string}\"},\"query-input\":{\"@type\":\"PropertyValueSpecification\",\"valueRequired\":true,\"valueName\":\"search_term_string\"}}],\"inLanguage\":\"en-US\"},{\"@type\":\"Organization\",\"@id\":\"https:\/\/cararem.ro\/#organization\",\"name\":\"SAMNOVE SRL\",\"alternateName\":\"CARARE\",\"url\":\"https:\/\/cararem.ro\/\",\"logo\":{\"@type\":\"ImageObject\",\"inLanguage\":\"en-US\",\"@id\":\"https:\/\/cararem.ro\/#\/schema\/logo\/image\/\",\"url\":\"https:\/\/cararem.ro\/wp-content\/uploads\/2025\/05\/logo-samnove-carare.webp\",\"contentUrl\":\"https:\/\/cararem.ro\/wp-content\/uploads\/2025\/05\/logo-samnove-carare.webp\",\"width\":400,\"height\":119,\"caption\":\"SAMNOVE SRL\"},\"image\":{\"@id\":\"https:\/\/cararem.ro\/#\/schema\/logo\/image\/\"},\"sameAs\":[\"https:\/\/www.facebook.com\/SamnoveSRL?locale=ro_RO\"],\"description\":\"Accesorii pentru industria HoReCa care \u00eembin\u0103 elegan\u021ba, durabilitatea \u0219i calitatea superioar\u0103, cum ar fi placemate-uri, naproane, co\u0219uri de p\u00e2ine, suporturi de tac\u00e2muri, suporturi de pahar, din piele ecologic\u0103, sau \u0219or\u021buri \u0219i halate pentru hoteluri \u0219i restaurante. Oferim servicii de croitorie, comanda sau serie, retusuri croitorie de orice tip \u0219i servicii de cur\u0103\u021b\u0103torie ecologic\u0103 de ultima genera\u021bie.\",\"email\":\"mihaela@cararem.ro\",\"telephone\":\"0755.244.755\",\"legalName\":\"SAMNOVE SRL\",\"foundingDate\":\"2013-01-14\",\"vatID\":\"32001802\",\"numberOfEmployees\":{\"@type\":\"QuantitativeValue\",\"minValue\":\"11\",\"maxValue\":\"50\"}}]}<\/script>\n<!-- \/ Yoast SEO Premium plugin. -->","yoast_head_json":{"title":"About us - CARARE","description":"Descoper\u0103 accesorii premium pentru industria HoReCa: placemats, naproane, co\u0219uri de p\u00e2ine, suporturi de tac\u00e2muri \u0219i \u0219or\u021buri din materiale durabile, elegante \u0219i u\u0219or de \u00eentre\u021binut. Calitate superioar\u0103 pentru hoteluri, restaurante \u0219i cafenele.","robots":{"index":"index","follow":"follow","max-snippet":"max-snippet:-1","max-image-preview":"max-image-preview:large","max-video-preview":"max-video-preview:-1"},"canonical":"https:\/\/cararem.ro\/despre-noi\/","og_locale":"en_US","og_type":"article","og_title":"About us","og_description":"Descoper\u0103 accesorii premium pentru industria HoReCa: placemats, naproane, co\u0219uri de p\u00e2ine, suporturi de tac\u00e2muri \u0219i \u0219or\u021buri din materiale durabile, elegante \u0219i u\u0219or de \u00eentre\u021binut. Calitate superioar\u0103 pentru hoteluri, restaurante \u0219i cafenele.","og_url":"https:\/\/cararem.ro\/despre-noi\/","og_site_name":"CARARE","article_publisher":"https:\/\/www.facebook.com\/SamnoveSRL?locale=ro_RO","article_modified_time":"2024-10-13T08:16:54+00:00","og_image":[{"width":460,"height":454,"url":"https:\/\/cararem.ro\/wp-content\/uploads\/2024\/08\/cosuri-de-paine-galerie.webp","type":"image\/webp"}],"twitter_card":"summary_large_image","twitter_misc":{"Est. reading time":"7 minutes"},"schema":{"@context":"https:\/\/schema.org","@graph":[{"@type":"WebPage","@id":"https:\/\/cararem.ro\/despre-noi\/","url":"https:\/\/cararem.ro\/despre-noi\/","name":"About us - CARARE","isPartOf":{"@id":"https:\/\/cararem.ro\/#website"},"datePublished":"2023-06-06T11:00:13+00:00","dateModified":"2024-10-13T08:16:54+00:00","description":"Descoper\u0103 accesorii premium pentru industria HoReCa: placemats, naproane, co\u0219uri de p\u00e2ine, suporturi de tac\u00e2muri \u0219i \u0219or\u021buri din materiale durabile, elegante \u0219i u\u0219or de \u00eentre\u021binut. Calitate superioar\u0103 pentru hoteluri, restaurante \u0219i cafenele.","breadcrumb":{"@id":"https:\/\/cararem.ro\/despre-noi\/#breadcrumb"},"inLanguage":"en-US","potentialAction":[{"@type":"ReadAction","target":["https:\/\/cararem.ro\/despre-noi\/"]}]},{"@type":"BreadcrumbList","@id":"https:\/\/cararem.ro\/despre-noi\/#breadcrumb","itemListElement":[{"@type":"ListItem","position":1,"name":"Home","item":"https:\/\/cararem.ro\/en\/"},{"@type":"ListItem","position":2,"name":"About us"}]},{"@type":"WebSite","@id":"https:\/\/cararem.ro\/#website","url":"https:\/\/cararem.ro\/","name":"CARARE","description":"Croiala care d\u0103 valoare","publisher":{"@id":"https:\/\/cararem.ro\/#organization"},"potentialAction":[{"@type":"SearchAction","target":{"@type":"EntryPoint","urlTemplate":"https:\/\/cararem.ro\/?s={search_term_string}"},"query-input":{"@type":"PropertyValueSpecification","valueRequired":true,"valueName":"search_term_string"}}],"inLanguage":"en-US"},{"@type":"Organization","@id":"https:\/\/cararem.ro\/#organization","name":"SAMNOVE SRL","alternateName":"CARARE","url":"https:\/\/cararem.ro\/","logo":{"@type":"ImageObject","inLanguage":"en-US","@id":"https:\/\/cararem.ro\/#\/schema\/logo\/image\/","url":"https:\/\/cararem.ro\/wp-content\/uploads\/2025\/05\/logo-samnove-carare.webp","contentUrl":"https:\/\/cararem.ro\/wp-content\/uploads\/2025\/05\/logo-samnove-carare.webp","width":400,"height":119,"caption":"SAMNOVE SRL"},"image":{"@id":"https:\/\/cararem.ro\/#\/schema\/logo\/image\/"},"sameAs":["https:\/\/www.facebook.com\/SamnoveSRL?locale=ro_RO"],"description":"Accesorii pentru industria HoReCa care \u00eembin\u0103 elegan\u021ba, durabilitatea \u0219i calitatea superioar\u0103, cum ar fi placemate-uri, naproane, co\u0219uri de p\u00e2ine, suporturi de tac\u00e2muri, suporturi de pahar, din piele ecologic\u0103, sau \u0219or\u021buri \u0219i halate pentru hoteluri \u0219i restaurante. Oferim servicii de croitorie, comanda sau serie, retusuri croitorie de orice tip \u0219i servicii de cur\u0103\u021b\u0103torie ecologic\u0103 de ultima genera\u021bie.","email":"mihaela@cararem.ro","telephone":"0755.244.755","legalName":"SAMNOVE SRL","foundingDate":"2013-01-14","vatID":"32001802","numberOfEmployees":{"@type":"QuantitativeValue","minValue":"11","maxValue":"50"}}]}},"_links":{"self":[{"href":"https:\/\/cararem.ro\/en\/wp-json\/wp\/v2\/pages\/1575","targetHints":{"allow":["GET"]}}],"collection":[{"href":"https:\/\/cararem.ro\/en\/wp-json\/wp\/v2\/pages"}],"about":[{"href":"https:\/\/cararem.ro\/en\/wp-json\/wp\/v2\/types\/page"}],"author":[{"embeddable":true,"href":"https:\/\/cararem.ro\/en\/wp-json\/wp\/v2\/users\/1"}],"replies":[{"embeddable":true,"href":"https:\/\/cararem.ro\/en\/wp-json\/wp\/v2\/comments?post=1575"}],"version-history":[{"count":0,"href":"https:\/\/cararem.ro\/en\/wp-json\/wp\/v2\/pages\/1575\/revisions"}],"wp:attachment":[{"href":"https:\/\/cararem.ro\/en\/wp-json\/wp\/v2\/media?parent=1575"}],"curies":[{"name":"wp","href":"https:\/\/api.w.org\/{rel}","templated":true}]}}